{"id":4807,"date":"2020-09-23T19:59:48","date_gmt":"2020-09-23T17:59:48","guid":{"rendered":"https:\/\/santbult.es\/?page_id=4807"},"modified":"2026-01-29T19:48:00","modified_gmt":"2026-01-29T18:48:00","slug":"inici","status":"publish","type":"page","link":"https:\/\/santbult.es\/va\/","title":{"rendered":"Inici"},"content":{"rendered":"<div class=\"wpb-content-wrapper\"><p>[vc_row content_placement=&#8221;top&#8221; css=&#8221;.vc_custom_1711481001278{padding-top: 0px !important;}&#8221;][vc_column][\/vc_column][\/vc_row][vc_row][vc_column][vc_empty_space][\/vc_column][\/vc_row][vc_row][vc_column][vc_column_text css=&#8221;&#8221;]<\/p>\n<p class=\"\" data-start=\"74\" data-end=\"349\"><strong data-start=\"74\" data-end=\"136\">P\u00e0gina web dedicada a la Festivitat del Crist de Sant Bult<\/strong>, que se celebra al barri de la Xerea, a Val\u00e8ncia. Segons conta la tradici\u00f3, la imatge de Sant Bult va ser trobada en un pou situat a les cavallerisses del rei Jaume I durant la conquesta de la ciutat, l\u2019any 1238.<\/p>\n<p class=\"\" data-start=\"351\" data-end=\"609\">Des de entonces, despr\u00e9s de ser trobada per En Manuel Navarro, la imatge va ser donada al barri de la Xerea, on cada any, durant la Pasqua Florida, se celebren festes en el seu honor. Esta festivitat \u00e9s considerada la m\u00e9s antiga de la ciutat de Val\u00e8ncia.<\/p>\n<p>[\/vc_column_text][\/vc_column][\/vc_row][vc_row][vc_column][vc_basic_grid post_type=&#8221;post&#8221; max_items=&#8221;-1&#8243; gap=&#8221;0&#8243; orderby=&#8221;menu_order&#8221; order=&#8221;ASC&#8221; item=&#8221;14369&#8243; css=&#8221;&#8221; grid_id=&#8221;vc_gid:1769712356613-7720886e-30fa-3&#8243; taxonomies=&#8221;777&#8243;][\/vc_column][\/vc_row][vc_row][vc_column width=&#8221;1\/3&#8243;][vc_basic_grid post_type=&#8221;ids&#8221; element_width=&#8221;12&#8243; gap=&#8221;2&#8243; item=&#8221;14369&#8243; css=&#8221;&#8221; grid_id=&#8221;vc_gid:1769712367224-e0b46375-9e3f-4&#8243; include=&#8221;17723&#8243;][\/vc_column][vc_column width=&#8221;1\/3&#8243;][vc_basic_grid post_type=&#8221;ids&#8221; element_width=&#8221;12&#8243; gap=&#8221;2&#8243; item=&#8221;14369&#8243; css=&#8221;&#8221; grid_id=&#8221;vc_gid:1769712367286-ab847cc5-e61a-8&#8243; include=&#8221;17518&#8243;][\/vc_column][vc_column width=&#8221;1\/3&#8243;][vc_basic_grid post_type=&#8221;ids&#8221; element_width=&#8221;12&#8243; gap=&#8221;2&#8243; item=&#8221;14369&#8243; css=&#8221;&#8221; grid_id=&#8221;vc_gid:1769712367342-43fb3f92-c09b-3&#8243; include=&#8221;17530&#8243;][\/vc_column][\/vc_row][vc_row][vc_column][vc_column_text]<\/p>\n<h2><strong>Guardons a les Festes de Sant Bult<\/strong><\/h2>\n<p>[\/vc_column_text][\/vc_column][\/vc_row][vc_row][vc_column][vc_basic_grid post_type=&#8221;post&#8221; max_items=&#8221;-1&#8243; gap=&#8221;2&#8243; item=&#8221;14369&#8243; grid_id=&#8221;vc_gid:1769712356615-563d6e9f-e3ae-5&#8243; taxonomies=&#8221;672&#8243;][\/vc_column][\/vc_row][vc_row][vc_column][vc_column_text]<\/p>\n<h2><strong>\u00daltimes noticies de Sant Bult<\/strong><\/h2>\n<p>[\/vc_column_text][\/vc_column][\/vc_row][vc_row][vc_column][vc_basic_grid post_type=&#8221;post&#8221; max_items=&#8221;4&#8243; element_width=&#8221;3&#8243; gap=&#8221;2&#8243; item=&#8221;14369&#8243; grid_id=&#8221;vc_gid:1769712356616-b143c344-615c-0&#8243; taxonomies=&#8221;741&#8243;][\/vc_column][\/vc_row][vc_row][vc_column][vc_btn title=&#8221;VORE M\u00c9S NOT\u00cdCIES&#8221; style=&#8221;custom&#8221; custom_background=&#8221;#235787&#8243; custom_text=&#8221;#FFFFFF&#8221; shape=&#8221;square&#8221; align=&#8221;center&#8221; css=&#8221;&#8221; link=&#8221;url:https%3A%2F%2Fsantbult.es%2Fva%2Fhistoric%2F|title:Hist%C3%B2ric&#8221;][\/vc_column][\/vc_row][vc_row][vc_column][vc_column_text css=&#8221;&#8221;]<\/p>\n<p style=\"text-align: center;\"><pre class=\"ti-widget\"><template id=\"trustindex-google-widget-html\"><div class=\" ti-widget  ti-goog ti-disable-font ti-show-rating-text ti-review-text-mode-readmore ti-text-align-left\" data-no-translation=\"true\" data-plugin-version=\"13.2.8\" data-layout-id=\"13\" data-layout-category=\"slider\" data-set-id=\"light-minimal\" data-pid=\"\" data-language=\"es\" data-close-locale=\"Cerca\" data-review-target-width=\"275\" data-css-version=\"2\" data-reply-by-locale=\"Respuesta del propietario\" data-only-rating-locale=\"Esta usuario solo dej\u00f3 una calificaci\u00f3n.\" data-pager-autoplay-timeout=\"6\"> <div class=\"ti-widget-container ti-col-4\"> <div class=\"ti-footer source-Google\"> <div class=\"ti-row\"> <div class=\"ti-profile-img\"> <trustindex-image data-imgurl=\"https:\/\/lh5.googleusercontent.com\/-2YpA9zs6fZA\/AAAAAAAAAAI\/AAAAAAAAAAA\/70n5vB_2rG0\/s160-c-k-mo\/photo.jpg\" alt=\"Hogar Escuela Sant Bult\" loading=\"lazy\"><\/trustindex-image> <\/div> <div class=\"ti-profile-details\"> <div class=\"ti-name\"> Hogar Escuela Sant Bult<\/div> <span class=\"ti-stars\"><trustindex-image class=\"ti-star\" data-imgurl=\"https:\/\/cdn.trustindex.io\/assets\/platform\/Google\/star\/f.svg\" alt=\"Google\" width=\"17\" height=\"17\" loading=\"lazy\"><\/trustindex-image><trustindex-image class=\"ti-star\" data-imgurl=\"https:\/\/cdn.trustindex.io\/assets\/platform\/Google\/star\/f.svg\" alt=\"Google\" width=\"17\" height=\"17\" loading=\"lazy\"><\/trustindex-image><trustindex-image class=\"ti-star\" data-imgurl=\"https:\/\/cdn.trustindex.io\/assets\/platform\/Google\/star\/f.svg\" alt=\"Google\" width=\"17\" height=\"17\" loading=\"lazy\"><\/trustindex-image><trustindex-image class=\"ti-star\" data-imgurl=\"https:\/\/cdn.trustindex.io\/assets\/platform\/Google\/star\/f.svg\" alt=\"Google\" width=\"17\" height=\"17\" loading=\"lazy\"><\/trustindex-image><trustindex-image class=\"ti-star\" data-imgurl=\"https:\/\/cdn.trustindex.io\/assets\/platform\/Google\/star\/f.svg\" alt=\"Google\" width=\"17\" height=\"17\" loading=\"lazy\"><\/trustindex-image><\/span> <div class=\"ti-rating-text\"> <span class=\"nowrap\"><strong>3 rese\u00f1as Google<\/strong><\/span> <\/div> <div class=\"ti-header-write-btn-container\"> <a href=\"https:\/\/admin.trustindex.io\/api\/googleWriteReview?place-id=ChIJJ_2tDLJIYA0R-Cf9BY63wMw\" class=\"ti-header-write-btn\" role=\"button\" aria-label=\"Escribe una rese\u00f1a a Google\" target=\"_blank\" rel=\"noopener\">Escribe una rese\u00f1a<\/a> <\/div>  <\/div> <\/div> <\/div> <div class=\"ti-reviews-container\"> <div class=\"ti-controls\"> <div class=\"ti-next\" aria-label=\"Siguiente rese\u00f1a\" role=\"button\" tabindex=\"0\"><\/div> <div class=\"ti-prev\" aria-label=\"Rese\u00f1a anterior\" role=\"button\" tabindex=\"0\"><\/div> <\/div> <div class=\"ti-reviews-container-wrapper\">  <div data-empty=\"0\" class=\"ti-review-item source-Google ti-image-layout-thumbnail\" data-id=\"cfcd208495d565ef66e7dff9f98764da\"> <div class=\"ti-inner\"> <div class=\"ti-review-header\"> <div class=\"ti-platform-icon ti-with-tooltip\"> <span class=\"ti-tooltip\">Publicado en <\/span> <trustindex-image data-imgurl=\"https:\/\/cdn.trustindex.io\/assets\/platform\/Google\/icon.svg\" alt=\"\" width=\"20\" height=\"20\" loading=\"lazy\"><\/trustindex-image> <\/div> <div class=\"ti-profile-img\"> <trustindex-image data-imgurl=\"https:\/\/lh3.googleusercontent.com\/a\/ACg8ocLsoD0ySn1Q1iCAws-IouPiJeumXzO3IUQYw7ImJUItKKlCyw=w40-h40-c-rp-mo-br100\" alt=\"JESUS DESARROLLO profile picture\" loading=\"lazy\"><\/trustindex-image> <\/div> <div class=\"ti-profile-details\"> <div class=\"ti-name\"> JESUS DESARROLLO <\/div> <div class=\"ti-date\">22\/11\/2021<\/div> <\/div> <\/div> <span class=\"ti-stars\"><trustindex-image class=\"ti-star\" data-imgurl=\"https:\/\/cdn.trustindex.io\/assets\/platform\/Google\/star\/f.svg\" alt=\"Google\" width=\"17\" height=\"17\" loading=\"lazy\"><\/trustindex-image><trustindex-image class=\"ti-star\" data-imgurl=\"https:\/\/cdn.trustindex.io\/assets\/platform\/Google\/star\/f.svg\" alt=\"Google\" width=\"17\" height=\"17\" loading=\"lazy\"><\/trustindex-image><trustindex-image class=\"ti-star\" data-imgurl=\"https:\/\/cdn.trustindex.io\/assets\/platform\/Google\/star\/f.svg\" alt=\"Google\" width=\"17\" height=\"17\" loading=\"lazy\"><\/trustindex-image><trustindex-image class=\"ti-star\" data-imgurl=\"https:\/\/cdn.trustindex.io\/assets\/platform\/Google\/star\/f.svg\" alt=\"Google\" width=\"17\" height=\"17\" loading=\"lazy\"><\/trustindex-image><trustindex-image class=\"ti-star\" data-imgurl=\"https:\/\/cdn.trustindex.io\/assets\/platform\/Google\/star\/f.svg\" alt=\"Google\" width=\"17\" height=\"17\" loading=\"lazy\"><\/trustindex-image><span class=\"ti-verified-review ti-verified-platform\"><span class=\"ti-verified-tooltip\">Trustindex verifica que la fuente original de la rese\u00f1a sea Google.<\/span><\/span><\/span> <div class=\"ti-review-text-container ti-review-content\"><!-- R-CONTENT -->La fiesta popular m\u00e1s antigua de la ciudad de Valencia. Que bonita fiesta<!-- R-CONTENT --><\/div> <span class=\"ti-read-more\" data-container=\".ti-review-content\" data-collapse-text=\"Ocultar\" data-open-text=\"Leer m\u00e1s\"><\/span> <\/div> <\/div>  <div data-empty=\"0\" class=\"ti-review-item source-Google ti-image-layout-thumbnail\" data-id=\"cfcd208495d565ef66e7dff9f98764da\"> <div class=\"ti-inner\"> <div class=\"ti-review-header\"> <div class=\"ti-platform-icon ti-with-tooltip\"> <span class=\"ti-tooltip\">Publicado en <\/span> <trustindex-image data-imgurl=\"https:\/\/cdn.trustindex.io\/assets\/platform\/Google\/icon.svg\" alt=\"\" width=\"20\" height=\"20\" loading=\"lazy\"><\/trustindex-image> <\/div> <div class=\"ti-profile-img\"> <trustindex-image data-imgurl=\"https:\/\/lh3.googleusercontent.com\/a-\/ALV-UjXDNnY9JVIxiPoEmW7qKYuhAOOEyUvlQJ2uWb8BUqIGDOG4s8iAGQ=w40-h40-c-rp-mo-br100\" alt=\"A.F.URBANAS ALICIA CASTILLO SL profile picture\" loading=\"lazy\"><\/trustindex-image> <\/div> <div class=\"ti-profile-details\"> <div class=\"ti-name\"> A.F.URBANAS ALICIA CASTILLO SL <\/div> <div class=\"ti-date\">06\/11\/2021<\/div> <\/div> <\/div> <span class=\"ti-stars\"><trustindex-image class=\"ti-star\" data-imgurl=\"https:\/\/cdn.trustindex.io\/assets\/platform\/Google\/star\/f.svg\" alt=\"Google\" width=\"17\" height=\"17\" loading=\"lazy\"><\/trustindex-image><trustindex-image class=\"ti-star\" data-imgurl=\"https:\/\/cdn.trustindex.io\/assets\/platform\/Google\/star\/f.svg\" alt=\"Google\" width=\"17\" height=\"17\" loading=\"lazy\"><\/trustindex-image><trustindex-image class=\"ti-star\" data-imgurl=\"https:\/\/cdn.trustindex.io\/assets\/platform\/Google\/star\/f.svg\" alt=\"Google\" width=\"17\" height=\"17\" loading=\"lazy\"><\/trustindex-image><trustindex-image class=\"ti-star\" data-imgurl=\"https:\/\/cdn.trustindex.io\/assets\/platform\/Google\/star\/f.svg\" alt=\"Google\" width=\"17\" height=\"17\" loading=\"lazy\"><\/trustindex-image><trustindex-image class=\"ti-star\" data-imgurl=\"https:\/\/cdn.trustindex.io\/assets\/platform\/Google\/star\/f.svg\" alt=\"Google\" width=\"17\" height=\"17\" loading=\"lazy\"><\/trustindex-image><span class=\"ti-verified-review ti-verified-platform\"><span class=\"ti-verified-tooltip\">Trustindex verifica que la fuente original de la rese\u00f1a sea Google.<\/span><\/span><\/span> <div class=\"ti-review-text-container ti-review-content\"><!-- R-CONTENT -->Hermosa tradici\u00f3n muy actual, del pueblo valenciano. Gran devoci\u00f3n al Cristo de Sant Bult!<!-- R-CONTENT --><\/div> <span class=\"ti-read-more\" data-container=\".ti-review-content\" data-collapse-text=\"Ocultar\" data-open-text=\"Leer m\u00e1s\"><\/span> <\/div> <\/div>  <div data-empty=\"0\" class=\"ti-review-item source-Google ti-image-layout-thumbnail\" data-id=\"cfcd208495d565ef66e7dff9f98764da\"> <div class=\"ti-inner\"> <div class=\"ti-review-header\"> <div class=\"ti-platform-icon ti-with-tooltip\"> <span class=\"ti-tooltip\">Publicado en <\/span> <trustindex-image data-imgurl=\"https:\/\/cdn.trustindex.io\/assets\/platform\/Google\/icon.svg\" alt=\"\" width=\"20\" height=\"20\" loading=\"lazy\"><\/trustindex-image> <\/div> <div class=\"ti-profile-img\"> <trustindex-image data-imgurl=\"https:\/\/lh3.googleusercontent.com\/a-\/ALV-UjXQuz-vvmzCyv5D9MFH9vd5Bo8OPfsbPtb0qd8M9FQUZGREo9WM-Q=w40-h40-c-rp-mo-ba4-br100\" alt=\"Juan Lopez profile picture\" loading=\"lazy\"><\/trustindex-image> <\/div> <div class=\"ti-profile-details\"> <div class=\"ti-name\"> Juan Lopez <\/div> <div class=\"ti-date\">15\/05\/2021<\/div> <\/div> <\/div> <span class=\"ti-stars\"><trustindex-image class=\"ti-star\" data-imgurl=\"https:\/\/cdn.trustindex.io\/assets\/platform\/Google\/star\/f.svg\" alt=\"Google\" width=\"17\" height=\"17\" loading=\"lazy\"><\/trustindex-image><trustindex-image class=\"ti-star\" data-imgurl=\"https:\/\/cdn.trustindex.io\/assets\/platform\/Google\/star\/f.svg\" alt=\"Google\" width=\"17\" height=\"17\" loading=\"lazy\"><\/trustindex-image><trustindex-image class=\"ti-star\" data-imgurl=\"https:\/\/cdn.trustindex.io\/assets\/platform\/Google\/star\/f.svg\" alt=\"Google\" width=\"17\" height=\"17\" loading=\"lazy\"><\/trustindex-image><trustindex-image class=\"ti-star\" data-imgurl=\"https:\/\/cdn.trustindex.io\/assets\/platform\/Google\/star\/f.svg\" alt=\"Google\" width=\"17\" height=\"17\" loading=\"lazy\"><\/trustindex-image><trustindex-image class=\"ti-star\" data-imgurl=\"https:\/\/cdn.trustindex.io\/assets\/platform\/Google\/star\/f.svg\" alt=\"Google\" width=\"17\" height=\"17\" loading=\"lazy\"><\/trustindex-image><span class=\"ti-verified-review ti-verified-platform\"><span class=\"ti-verified-tooltip\">Trustindex verifica que la fuente original de la rese\u00f1a sea Google.<\/span><\/span><\/span> <div class=\"ti-review-text-container ti-review-content\"><!-- R-CONTENT -->Un gran proyecto<!-- R-CONTENT --><\/div> <span class=\"ti-read-more\" data-container=\".ti-review-content\" data-collapse-text=\"Ocultar\" data-open-text=\"Leer m\u00e1s\"><\/span> <\/div> <\/div>  <\/div> <div class=\"ti-controls-line\"> <div class=\"dot\"><\/div> <\/div>   <\/div> <\/div> <\/div> <\/template><\/pre><div data-src=\"https:\/\/cdn.trustindex.io\/loader.js?wp-widget\" data-template-id=\"trustindex-google-widget-html\" data-css-url=\"https:\/\/santbult.es\/wp-content\/uploads\/trustindex-google-widget.css?1773953190\"><\/div>\n<p>[\/vc_column_text][\/vc_column][\/vc_row]<\/p>\n<\/div>","protected":false},"excerpt":{"rendered":"<p>[vc_row content_placement=&#8221;top&#8221; css=&#8221;.vc_custom_1711481001278{padding-top: 0px !important;}&#8221;][vc_column][\/vc_column][\/vc_row][vc_row][vc_column][vc_empty_space][\/vc_column][\/vc_row][vc_row][vc_column][vc_column_text css=&#8221;&#8221;] P\u00e0gina web dedicada a la Festivitat del Crist de Sant Bult, que se celebra al barri de la Xerea,&hellip;<\/p>\n","protected":false},"author":1,"featured_media":2524,"parent":0,"menu_order":0,"comment_status":"closed","ping_status":"closed","template":"","meta":{"footnotes":""},"class_list":["post-4807","page","type-page","status-publish","has-post-thumbnail","hentry"],"yoast_head":"<!-- This site is optimized with the Yoast SEO Premium plugin v24.8 (Yoast SEO v27.2) - https:\/\/yoast.com\/product\/yoast-seo-premium-wordpress\/ -->\n<title>Crist Sant Bult, patr\u00f3 del barri de la Xerea en Valencia<\/title>\n<meta name=\"description\" content=\"P\u00e0gina web dedicada a la Festa del Crist de Sant Bult en el Barri de la Xerea de Val\u00e9ncia que se celebra en el m\u00e9s de Juny.\" \/>\n<meta name=\"robots\" content=\"index, follow, max-snippet:-1, max-image-preview:large, max-video-preview:-1\" \/>\n<link rel=\"canonical\" href=\"https:\/\/santbult.es\/va\/\" \/>\n<meta property=\"og:locale\" content=\"en_US\" \/>\n<meta property=\"og:type\" content=\"article\" \/>\n<meta property=\"og:title\" content=\"Inici\" \/>\n<meta property=\"og:description\" content=\"P\u00e0gina web dedicada a la Festa del Crist de Sant Bult en el Barri de la Xerea de Val\u00e9ncia que se celebra en el m\u00e9s de Juny.\" \/>\n<meta property=\"og:url\" content=\"https:\/\/santbult.es\/va\/\" \/>\n<meta property=\"og:site_name\" content=\"Festes de Sant Bult \u2013 La Xerea\" \/>\n<meta property=\"article:publisher\" content=\"https:\/\/www.facebook.com\/santbult\" \/>\n<meta property=\"article:modified_time\" content=\"2026-01-29T18:48:00+00:00\" \/>\n<meta property=\"og:image\" content=\"https:\/\/santbult.es\/wp-content\/uploads\/2019\/08\/01.jpg\" \/>\n\t<meta property=\"og:image:width\" content=\"2248\" \/>\n\t<meta property=\"og:image:height\" content=\"1500\" \/>\n\t<meta property=\"og:image:type\" content=\"image\/jpeg\" \/>\n<meta name=\"twitter:card\" content=\"summary_large_image\" \/>\n<meta name=\"twitter:site\" content=\"@sant_bult\" \/>\n<meta name=\"twitter:label1\" content=\"Est. reading time\" \/>\n\t<meta name=\"twitter:data1\" content=\"2 minutes\" \/>\n<script type=\"application\/ld+json\" class=\"yoast-schema-graph\">{\"@context\":\"https:\/\/schema.org\",\"@graph\":[{\"@type\":\"WebPage\",\"@id\":\"https:\/\/santbult.es\/va\/\",\"url\":\"https:\/\/santbult.es\/va\/\",\"name\":\"Crist Sant Bult, patr\u00f3 del barri de la Xerea en Valencia\",\"isPartOf\":{\"@id\":\"https:\/\/santbult.es\/#website\"},\"primaryImageOfPage\":{\"@id\":\"https:\/\/santbult.es\/va\/#primaryimage\"},\"image\":{\"@id\":\"https:\/\/santbult.es\/va\/#primaryimage\"},\"thumbnailUrl\":\"https:\/\/santbult.es\/wp-content\/uploads\/2019\/08\/01.jpg\",\"datePublished\":\"2020-09-23T17:59:48+00:00\",\"dateModified\":\"2026-01-29T18:48:00+00:00\",\"description\":\"P\u00e0gina web dedicada a la Festa del Crist de Sant Bult en el Barri de la Xerea de Val\u00e9ncia que se celebra en el m\u00e9s de Juny.\",\"inLanguage\":\"val\",\"potentialAction\":[{\"@type\":\"ReadAction\",\"target\":[\"https:\/\/santbult.es\/va\/\"]}]},{\"@type\":\"ImageObject\",\"inLanguage\":\"val\",\"@id\":\"https:\/\/santbult.es\/va\/#primaryimage\",\"url\":\"https:\/\/santbult.es\/wp-content\/uploads\/2019\/08\/01.jpg\",\"contentUrl\":\"https:\/\/santbult.es\/wp-content\/uploads\/2019\/08\/01.jpg\",\"width\":2248,\"height\":1500,\"caption\":\"Sant Bult DOGV\"},{\"@type\":\"WebSite\",\"@id\":\"https:\/\/santbult.es\/#website\",\"url\":\"https:\/\/santbult.es\/\",\"name\":\"Festes de Sant Bult \u2013 La Xerea\",\"description\":\"B\u00e9 Rellev\u00e0ncia Local Immaterial\",\"publisher\":{\"@id\":\"https:\/\/santbult.es\/#organization\"},\"potentialAction\":[{\"@type\":\"SearchAction\",\"target\":{\"@type\":\"EntryPoint\",\"urlTemplate\":\"https:\/\/santbult.es\/?s={search_term_string}\"},\"query-input\":{\"@type\":\"PropertyValueSpecification\",\"valueRequired\":true,\"valueName\":\"search_term_string\"}}],\"inLanguage\":\"val\"},{\"@type\":\"Organization\",\"@id\":\"https:\/\/santbult.es\/#organization\",\"name\":\"Sant Bult\",\"url\":\"https:\/\/santbult.es\/\",\"logo\":{\"@type\":\"ImageObject\",\"inLanguage\":\"val\",\"@id\":\"https:\/\/santbult.es\/#\/schema\/logo\/image\/\",\"url\":\"https:\/\/santbult.es\/wp-content\/uploads\/2019\/04\/mini-sant-bult.png\",\"contentUrl\":\"https:\/\/santbult.es\/wp-content\/uploads\/2019\/04\/mini-sant-bult.png\",\"width\":330,\"height\":330,\"caption\":\"Sant Bult\"},\"image\":{\"@id\":\"https:\/\/santbult.es\/#\/schema\/logo\/image\/\"},\"sameAs\":[\"https:\/\/www.facebook.com\/santbult\",\"https:\/\/x.com\/sant_bult\",\"https:\/\/www.instagram.com\/sant_bult\/\",\"https:\/\/www.youtube.com\/channel\/UCViTQedoyMvyMj-pAq4doMA\"]}]}<\/script>\n<!-- \/ Yoast SEO Premium plugin. -->","yoast_head_json":{"title":"Crist Sant Bult, patr\u00f3 del barri de la Xerea en Valencia","description":"P\u00e0gina web dedicada a la Festa del Crist de Sant Bult en el Barri de la Xerea de Val\u00e9ncia que se celebra en el m\u00e9s de Juny.","robots":{"index":"index","follow":"follow","max-snippet":"max-snippet:-1","max-image-preview":"max-image-preview:large","max-video-preview":"max-video-preview:-1"},"canonical":"https:\/\/santbult.es\/va\/","og_locale":"en_US","og_type":"article","og_title":"Inici","og_description":"P\u00e0gina web dedicada a la Festa del Crist de Sant Bult en el Barri de la Xerea de Val\u00e9ncia que se celebra en el m\u00e9s de Juny.","og_url":"https:\/\/santbult.es\/va\/","og_site_name":"Festes de Sant Bult \u2013 La Xerea","article_publisher":"https:\/\/www.facebook.com\/santbult","article_modified_time":"2026-01-29T18:48:00+00:00","og_image":[{"width":2248,"height":1500,"url":"https:\/\/santbult.es\/wp-content\/uploads\/2019\/08\/01.jpg","type":"image\/jpeg"}],"twitter_card":"summary_large_image","twitter_site":"@sant_bult","twitter_misc":{"Est. reading time":"2 minutes"},"schema":{"@context":"https:\/\/schema.org","@graph":[{"@type":"WebPage","@id":"https:\/\/santbult.es\/va\/","url":"https:\/\/santbult.es\/va\/","name":"Crist Sant Bult, patr\u00f3 del barri de la Xerea en Valencia","isPartOf":{"@id":"https:\/\/santbult.es\/#website"},"primaryImageOfPage":{"@id":"https:\/\/santbult.es\/va\/#primaryimage"},"image":{"@id":"https:\/\/santbult.es\/va\/#primaryimage"},"thumbnailUrl":"https:\/\/santbult.es\/wp-content\/uploads\/2019\/08\/01.jpg","datePublished":"2020-09-23T17:59:48+00:00","dateModified":"2026-01-29T18:48:00+00:00","description":"P\u00e0gina web dedicada a la Festa del Crist de Sant Bult en el Barri de la Xerea de Val\u00e9ncia que se celebra en el m\u00e9s de Juny.","inLanguage":"val","potentialAction":[{"@type":"ReadAction","target":["https:\/\/santbult.es\/va\/"]}]},{"@type":"ImageObject","inLanguage":"val","@id":"https:\/\/santbult.es\/va\/#primaryimage","url":"https:\/\/santbult.es\/wp-content\/uploads\/2019\/08\/01.jpg","contentUrl":"https:\/\/santbult.es\/wp-content\/uploads\/2019\/08\/01.jpg","width":2248,"height":1500,"caption":"Sant Bult DOGV"},{"@type":"WebSite","@id":"https:\/\/santbult.es\/#website","url":"https:\/\/santbult.es\/","name":"Festes de Sant Bult \u2013 La Xerea","description":"B\u00e9 Rellev\u00e0ncia Local Immaterial","publisher":{"@id":"https:\/\/santbult.es\/#organization"},"potentialAction":[{"@type":"SearchAction","target":{"@type":"EntryPoint","urlTemplate":"https:\/\/santbult.es\/?s={search_term_string}"},"query-input":{"@type":"PropertyValueSpecification","valueRequired":true,"valueName":"search_term_string"}}],"inLanguage":"val"},{"@type":"Organization","@id":"https:\/\/santbult.es\/#organization","name":"Sant Bult","url":"https:\/\/santbult.es\/","logo":{"@type":"ImageObject","inLanguage":"val","@id":"https:\/\/santbult.es\/#\/schema\/logo\/image\/","url":"https:\/\/santbult.es\/wp-content\/uploads\/2019\/04\/mini-sant-bult.png","contentUrl":"https:\/\/santbult.es\/wp-content\/uploads\/2019\/04\/mini-sant-bult.png","width":330,"height":330,"caption":"Sant Bult"},"image":{"@id":"https:\/\/santbult.es\/#\/schema\/logo\/image\/"},"sameAs":["https:\/\/www.facebook.com\/santbult","https:\/\/x.com\/sant_bult","https:\/\/www.instagram.com\/sant_bult\/","https:\/\/www.youtube.com\/channel\/UCViTQedoyMvyMj-pAq4doMA"]}]}},"_links":{"self":[{"href":"https:\/\/santbult.es\/va\/wp-json\/wp\/v2\/pages\/4807","targetHints":{"allow":["GET"]}}],"collection":[{"href":"https:\/\/santbult.es\/va\/wp-json\/wp\/v2\/pages"}],"about":[{"href":"https:\/\/santbult.es\/va\/wp-json\/wp\/v2\/types\/page"}],"author":[{"embeddable":true,"href":"https:\/\/santbult.es\/va\/wp-json\/wp\/v2\/users\/1"}],"replies":[{"embeddable":true,"href":"https:\/\/santbult.es\/va\/wp-json\/wp\/v2\/comments?post=4807"}],"version-history":[{"count":38,"href":"https:\/\/santbult.es\/va\/wp-json\/wp\/v2\/pages\/4807\/revisions"}],"predecessor-version":[{"id":17733,"href":"https:\/\/santbult.es\/va\/wp-json\/wp\/v2\/pages\/4807\/revisions\/17733"}],"wp:featuredmedia":[{"embeddable":true,"href":"https:\/\/santbult.es\/va\/wp-json\/wp\/v2\/media\/2524"}],"wp:attachment":[{"href":"https:\/\/santbult.es\/va\/wp-json\/wp\/v2\/media?parent=4807"}],"curies":[{"name":"wp","href":"https:\/\/api.w.org\/{rel}","templated":true}]}}