{"id":4798,"date":"2020-09-23T19:45:23","date_gmt":"2020-09-23T17:45:23","guid":{"rendered":"https:\/\/santbult.es\/?page_id=4798"},"modified":"2024-01-26T23:45:12","modified_gmt":"2024-01-26T22:45:12","slug":"archiu_historic","status":"publish","type":"page","link":"https:\/\/santbult.es\/va\/archiu_historic\/","title":{"rendered":"Archiu Hist\u00f2ric"},"content":{"rendered":"\n<h3><strong>Archiu Hist\u00f3ric<\/strong><\/h3>\n<p><strong>Archiu Hist\u00f2ric<\/strong> sobre l&#8217;Image de Sant Bult i la seua Festa celebrada en el barri de la Xerea.<\/p>\n<p><strong>Can\u00e7oner<\/strong> en l&#8217;Himne de Sant Bult i els Gojos en honor a l&#8217;Image de Sant Bult<\/p>\n<p><strong>Rac\u00f3 Personal<\/strong> not\u00edcies relacionades sobre l&#8217;Image de Sant Bult<\/p>\n<p><strong>Galer\u00eda <\/strong>de Im\u00e1genes o Videos, de los diferentes actos que realizamos en el barrio de la Xerea.<\/p>\n","protected":false},"excerpt":{"rendered":"<p>Archiu Hist\u00f3ric Archiu Hist\u00f2ric sobre l&#8217;Image de Sant Bult i la seua Festa celebrada en el barri de la Xerea. Can\u00e7oner en l&#8217;Himne de Sant&hellip;<\/p>\n","protected":false},"author":1,"featured_media":1896,"parent":0,"menu_order":0,"comment_status":"closed","ping_status":"closed","template":"","meta":{"footnotes":""},"class_list":["post-4798","page","type-page","status-publish","has-post-thumbnail","hentry"],"yoast_head":"<!-- This site is optimized with the Yoast SEO Premium plugin v24.8 (Yoast SEO v27.2) - https:\/\/yoast.com\/product\/yoast-seo-premium-wordpress\/ -->\n<title>Archiu Hist\u00f2ric Festa del Crist Sant Bult - Festes de Sant Bult \u2013 La Xerea<\/title>\n<meta name=\"description\" content=\"Archiu Hist\u00f2ric de Sant Bult, on guardem all\u00f2 que nos fa aplegar la gent o diferents actes entorn a l&#039;Image de Sant Bult\" \/>\n<meta name=\"robots\" content=\"index, follow, max-snippet:-1, max-image-preview:large, max-video-preview:-1\" \/>\n<link rel=\"canonical\" href=\"https:\/\/santbult.es\/va\/archiu_historic\/\" \/>\n<meta property=\"og:locale\" content=\"en_US\" \/>\n<meta property=\"og:type\" content=\"article\" \/>\n<meta property=\"og:title\" content=\"Archiu Hist\u00f2ric\" \/>\n<meta property=\"og:description\" content=\"Archiu Hist\u00f2ric de Sant Bult, on guardem all\u00f2 que nos fa aplegar la gent o diferents actes entorn a l&#039;Image de Sant Bult\" \/>\n<meta property=\"og:url\" content=\"https:\/\/santbult.es\/va\/archiu_historic\/\" \/>\n<meta property=\"og:site_name\" content=\"Festes de Sant Bult \u2013 La Xerea\" \/>\n<meta property=\"article:publisher\" content=\"https:\/\/www.facebook.com\/santbult\" \/>\n<meta property=\"article:modified_time\" content=\"2024-01-26T22:45:12+00:00\" \/>\n<meta property=\"og:image\" content=\"https:\/\/santbult.es\/wp-content\/uploads\/2019\/05\/26-1.jpg\" \/>\n\t<meta property=\"og:image:width\" content=\"1536\" \/>\n\t<meta property=\"og:image:height\" content=\"954\" \/>\n\t<meta property=\"og:image:type\" content=\"image\/jpeg\" \/>\n<meta name=\"twitter:card\" content=\"summary_large_image\" \/>\n<meta name=\"twitter:site\" content=\"@sant_bult\" \/>\n<meta name=\"twitter:label1\" content=\"Est. reading time\" \/>\n\t<meta name=\"twitter:data1\" content=\"3 minutes\" \/>\n<script type=\"application\/ld+json\" class=\"yoast-schema-graph\">{\"@context\":\"https:\/\/schema.org\",\"@graph\":[{\"@type\":\"WebPage\",\"@id\":\"https:\/\/santbult.es\/va\/archiu_historic\/\",\"url\":\"https:\/\/santbult.es\/va\/archiu_historic\/\",\"name\":\"Archiu Hist\u00f2ric Festa del Crist Sant Bult - Festes de Sant Bult \u2013 La Xerea\",\"isPartOf\":{\"@id\":\"https:\/\/santbult.es\/#website\"},\"primaryImageOfPage\":{\"@id\":\"https:\/\/santbult.es\/va\/archiu_historic\/#primaryimage\"},\"image\":{\"@id\":\"https:\/\/santbult.es\/va\/archiu_historic\/#primaryimage\"},\"thumbnailUrl\":\"https:\/\/santbult.es\/wp-content\/uploads\/2019\/05\/26-1.jpg\",\"datePublished\":\"2020-09-23T17:45:23+00:00\",\"dateModified\":\"2024-01-26T22:45:12+00:00\",\"description\":\"Archiu Hist\u00f2ric de Sant Bult, on guardem all\u00f2 que nos fa aplegar la gent o diferents actes entorn a l'Image de Sant Bult\",\"inLanguage\":\"val\",\"potentialAction\":[{\"@type\":\"ReadAction\",\"target\":[\"https:\/\/santbult.es\/va\/archiu_historic\/\"]}]},{\"@type\":\"ImageObject\",\"inLanguage\":\"val\",\"@id\":\"https:\/\/santbult.es\/va\/archiu_historic\/#primaryimage\",\"url\":\"https:\/\/santbult.es\/wp-content\/uploads\/2019\/05\/26-1.jpg\",\"contentUrl\":\"https:\/\/santbult.es\/wp-content\/uploads\/2019\/05\/26-1.jpg\",\"width\":1536,\"height\":954,\"caption\":\"Altar Sant Bult\"},{\"@type\":\"WebSite\",\"@id\":\"https:\/\/santbult.es\/#website\",\"url\":\"https:\/\/santbult.es\/\",\"name\":\"Festes de Sant Bult \u2013 La Xerea\",\"description\":\"B\u00e9 Rellev\u00e0ncia Local Immaterial\",\"publisher\":{\"@id\":\"https:\/\/santbult.es\/#organization\"},\"potentialAction\":[{\"@type\":\"SearchAction\",\"target\":{\"@type\":\"EntryPoint\",\"urlTemplate\":\"https:\/\/santbult.es\/?s={search_term_string}\"},\"query-input\":{\"@type\":\"PropertyValueSpecification\",\"valueRequired\":true,\"valueName\":\"search_term_string\"}}],\"inLanguage\":\"val\"},{\"@type\":\"Organization\",\"@id\":\"https:\/\/santbult.es\/#organization\",\"name\":\"Sant Bult\",\"url\":\"https:\/\/santbult.es\/\",\"logo\":{\"@type\":\"ImageObject\",\"inLanguage\":\"val\",\"@id\":\"https:\/\/santbult.es\/#\/schema\/logo\/image\/\",\"url\":\"https:\/\/santbult.es\/wp-content\/uploads\/2019\/04\/mini-sant-bult.png\",\"contentUrl\":\"https:\/\/santbult.es\/wp-content\/uploads\/2019\/04\/mini-sant-bult.png\",\"width\":330,\"height\":330,\"caption\":\"Sant Bult\"},\"image\":{\"@id\":\"https:\/\/santbult.es\/#\/schema\/logo\/image\/\"},\"sameAs\":[\"https:\/\/www.facebook.com\/santbult\",\"https:\/\/x.com\/sant_bult\",\"https:\/\/www.instagram.com\/sant_bult\/\",\"https:\/\/www.youtube.com\/channel\/UCViTQedoyMvyMj-pAq4doMA\"]}]}<\/script>\n<!-- \/ Yoast SEO Premium plugin. -->","yoast_head_json":{"title":"Archiu Hist\u00f2ric Festa del Crist Sant Bult - Festes de Sant Bult \u2013 La Xerea","description":"Archiu Hist\u00f2ric de Sant Bult, on guardem all\u00f2 que nos fa aplegar la gent o diferents actes entorn a l'Image de Sant Bult","robots":{"index":"index","follow":"follow","max-snippet":"max-snippet:-1","max-image-preview":"max-image-preview:large","max-video-preview":"max-video-preview:-1"},"canonical":"https:\/\/santbult.es\/va\/archiu_historic\/","og_locale":"en_US","og_type":"article","og_title":"Archiu Hist\u00f2ric","og_description":"Archiu Hist\u00f2ric de Sant Bult, on guardem all\u00f2 que nos fa aplegar la gent o diferents actes entorn a l'Image de Sant Bult","og_url":"https:\/\/santbult.es\/va\/archiu_historic\/","og_site_name":"Festes de Sant Bult \u2013 La Xerea","article_publisher":"https:\/\/www.facebook.com\/santbult","article_modified_time":"2024-01-26T22:45:12+00:00","og_image":[{"width":1536,"height":954,"url":"https:\/\/santbult.es\/wp-content\/uploads\/2019\/05\/26-1.jpg","type":"image\/jpeg"}],"twitter_card":"summary_large_image","twitter_site":"@sant_bult","twitter_misc":{"Est. reading time":"3 minutes"},"schema":{"@context":"https:\/\/schema.org","@graph":[{"@type":"WebPage","@id":"https:\/\/santbult.es\/va\/archiu_historic\/","url":"https:\/\/santbult.es\/va\/archiu_historic\/","name":"Archiu Hist\u00f2ric Festa del Crist Sant Bult - Festes de Sant Bult \u2013 La Xerea","isPartOf":{"@id":"https:\/\/santbult.es\/#website"},"primaryImageOfPage":{"@id":"https:\/\/santbult.es\/va\/archiu_historic\/#primaryimage"},"image":{"@id":"https:\/\/santbult.es\/va\/archiu_historic\/#primaryimage"},"thumbnailUrl":"https:\/\/santbult.es\/wp-content\/uploads\/2019\/05\/26-1.jpg","datePublished":"2020-09-23T17:45:23+00:00","dateModified":"2024-01-26T22:45:12+00:00","description":"Archiu Hist\u00f2ric de Sant Bult, on guardem all\u00f2 que nos fa aplegar la gent o diferents actes entorn a l'Image de Sant Bult","inLanguage":"val","potentialAction":[{"@type":"ReadAction","target":["https:\/\/santbult.es\/va\/archiu_historic\/"]}]},{"@type":"ImageObject","inLanguage":"val","@id":"https:\/\/santbult.es\/va\/archiu_historic\/#primaryimage","url":"https:\/\/santbult.es\/wp-content\/uploads\/2019\/05\/26-1.jpg","contentUrl":"https:\/\/santbult.es\/wp-content\/uploads\/2019\/05\/26-1.jpg","width":1536,"height":954,"caption":"Altar Sant Bult"},{"@type":"WebSite","@id":"https:\/\/santbult.es\/#website","url":"https:\/\/santbult.es\/","name":"Festes de Sant Bult \u2013 La Xerea","description":"B\u00e9 Rellev\u00e0ncia Local Immaterial","publisher":{"@id":"https:\/\/santbult.es\/#organization"},"potentialAction":[{"@type":"SearchAction","target":{"@type":"EntryPoint","urlTemplate":"https:\/\/santbult.es\/?s={search_term_string}"},"query-input":{"@type":"PropertyValueSpecification","valueRequired":true,"valueName":"search_term_string"}}],"inLanguage":"val"},{"@type":"Organization","@id":"https:\/\/santbult.es\/#organization","name":"Sant Bult","url":"https:\/\/santbult.es\/","logo":{"@type":"ImageObject","inLanguage":"val","@id":"https:\/\/santbult.es\/#\/schema\/logo\/image\/","url":"https:\/\/santbult.es\/wp-content\/uploads\/2019\/04\/mini-sant-bult.png","contentUrl":"https:\/\/santbult.es\/wp-content\/uploads\/2019\/04\/mini-sant-bult.png","width":330,"height":330,"caption":"Sant Bult"},"image":{"@id":"https:\/\/santbult.es\/#\/schema\/logo\/image\/"},"sameAs":["https:\/\/www.facebook.com\/santbult","https:\/\/x.com\/sant_bult","https:\/\/www.instagram.com\/sant_bult\/","https:\/\/www.youtube.com\/channel\/UCViTQedoyMvyMj-pAq4doMA"]}]}},"_links":{"self":[{"href":"https:\/\/santbult.es\/va\/wp-json\/wp\/v2\/pages\/4798","targetHints":{"allow":["GET"]}}],"collection":[{"href":"https:\/\/santbult.es\/va\/wp-json\/wp\/v2\/pages"}],"about":[{"href":"https:\/\/santbult.es\/va\/wp-json\/wp\/v2\/types\/page"}],"author":[{"embeddable":true,"href":"https:\/\/santbult.es\/va\/wp-json\/wp\/v2\/users\/1"}],"replies":[{"embeddable":true,"href":"https:\/\/santbult.es\/va\/wp-json\/wp\/v2\/comments?post=4798"}],"version-history":[{"count":4,"href":"https:\/\/santbult.es\/va\/wp-json\/wp\/v2\/pages\/4798\/revisions"}],"predecessor-version":[{"id":13784,"href":"https:\/\/santbult.es\/va\/wp-json\/wp\/v2\/pages\/4798\/revisions\/13784"}],"wp:featuredmedia":[{"embeddable":true,"href":"https:\/\/santbult.es\/va\/wp-json\/wp\/v2\/media\/1896"}],"wp:attachment":[{"href":"https:\/\/santbult.es\/va\/wp-json\/wp\/v2\/media?parent=4798"}],"curies":[{"name":"wp","href":"https:\/\/api.w.org\/{rel}","templated":true}]}}